{"id":28,"date":"2019-07-01T23:32:28","date_gmt":"2019-07-01T23:32:28","guid":{"rendered":"http:\/\/www.nuohouspeltoniemi.fi\/wp\/?page_id=28"},"modified":"2023-04-22T14:16:22","modified_gmt":"2023-04-22T14:16:22","slug":"nuohoukset-meri-lapissa","status":"publish","type":"page","link":"https:\/\/www.nuohouspeltoniemi.fi\/wp\/","title":{"rendered":"Etusivu"},"content":{"rendered":"<div  data-label=\"Overlappable\" data-id=\"overlappable--1\" data-export-id=\"overlappable-4-mc\" data-category=\"overlappable\" class=\"overlappable-4-mc content-section content-section-spacing\" data-overlap=\"true\" id=\"overlappable-1\" style=\"background-color: rgb(255, 255, 255);\">\n<div  class=\"gridContainer\">\n<div  data-type=\"row\" class=\"row spaced-cols text-center\">\n<div  class=\"col-xs-12 col-sm-4 col-padding\"> <i  class=\"fa icon shadow-large-black aligncenter color1 fa-street-view bordered round large\"><\/i>\n<div  data-type=\"column\" class=\"\">\n<h5  class=\"font-400\">Paikallinen yritys<\/h5>\n<p  class=\"\">Nuohouspalvelu Peltoniemi toimii Kemiss\u00e4, Keminmaassa, Simossa, Kuivaniemess\u00e4, Tervolassa, Torniossa, tai sopimuksen mukaan.<\/p>\n\n<\/div>\n<\/div>\n<div  class=\"col-xs-12 col-sm-4 col-padding\"> <i  class=\"fa icon shadow-large-black aligncenter color2 fa-id-badge bordered round large\"><\/i>\n<div  data-type=\"column\" class=\"\">\n<h5  class=\"font-400\">Omanuohooja\u00ae<\/h5>\n<p  class=\"\">\u2013 Nuohousalan keskusliiton j\u00e4sen\n\n\u2013 Suorittanut ammattitutkinnon ja t\u00e4ydennyskouluttautuu s\u00e4\u00e4nn\u00f6llisesti\n\n\u2013 Noudattaa hyv\u00e4\u00e4 nuohoustapaa<\/p>\n\n<\/div>\n<\/div>\n<div  class=\"col-xs-12 col-sm-4 col-padding\"> <i  class=\"fa icon shadow-large-black aligncenter color4 fa-male bordered round large\"><\/i>\n<div  data-type=\"column\" class=\"\">\n<h5  class=\"font-400\">Kokemus<\/h5>\n<p  class=\"\">Omaan yli 10 vuoden kokemuksen nuohoamisesta&nbsp;&#8211; olen toiminut alalla vuodesta 2011.<\/p>\n\n<\/div>\n<\/div>\n<\/div>\n<\/div>\n<\/div>","protected":false},"excerpt":{"rendered":"<p>Paikallinen yritys Nuohouspalvelu Peltoniemi toimii Kemiss\u00e4, Keminmaassa, Simossa, Kuivaniemess\u00e4, Tervolassa, Torniossa, tai sopimuksen mukaan. Omanuohooja\u00ae \u2013 Nuohousalan keskusliiton j\u00e4sen \u2013 Suorittanut ammattitutkinnon ja t\u00e4ydennyskouluttautuu s\u00e4\u00e4nn\u00f6llisesti \u2013 Noudattaa hyv\u00e4\u00e4 nuohoustapaa Kokemus Omaan yli 10 vuoden kokemuksen nuohoamisesta&nbsp;&#8211; olen toiminut alalla vuodesta 2011.<\/p>\n","protected":false},"author":1,"featured_media":0,"parent":0,"menu_order":0,"comment_status":"closed","ping_status":"closed","template":"page-templates\/homepage.php","meta":{"spay_email":""},"yst_prominent_words":[],"_links":{"self":[{"href":"https:\/\/www.nuohouspeltoniemi.fi\/wp\/index.php?rest_route=\/wp\/v2\/pages\/28"}],"collection":[{"href":"https:\/\/www.nuohouspeltoniemi.fi\/wp\/index.php?rest_route=\/wp\/v2\/pages"}],"about":[{"href":"https:\/\/www.nuohouspeltoniemi.fi\/wp\/index.php?rest_route=\/wp\/v2\/types\/page"}],"author":[{"embeddable":true,"href":"https:\/\/www.nuohouspeltoniemi.fi\/wp\/index.php?rest_route=\/wp\/v2\/users\/1"}],"replies":[{"embeddable":true,"href":"https:\/\/www.nuohouspeltoniemi.fi\/wp\/index.php?rest_route=%2Fwp%2Fv2%2Fcomments&post=28"}],"version-history":[{"count":10,"href":"https:\/\/www.nuohouspeltoniemi.fi\/wp\/index.php?rest_route=\/wp\/v2\/pages\/28\/revisions"}],"predecessor-version":[{"id":94,"href":"https:\/\/www.nuohouspeltoniemi.fi\/wp\/index.php?rest_route=\/wp\/v2\/pages\/28\/revisions\/94"}],"wp:attachment":[{"href":"https:\/\/www.nuohouspeltoniemi.fi\/wp\/index.php?rest_route=%2Fwp%2Fv2%2Fmedia&parent=28"}],"wp:term":[{"taxonomy":"yst_prominent_words","embeddable":true,"href":"https:\/\/www.nuohouspeltoniemi.fi\/wp\/index.php?rest_route=%2Fwp%2Fv2%2Fyst_prominent_words&post=28"}],"curies":[{"name":"wp","href":"https:\/\/api.w.org\/{rel}","templated":true}]}}